{"id":7,"date":"2009-09-15T22:15:42","date_gmt":"2009-09-15T20:15:42","guid":{"rendered":"http:\/\/www.josephvollmer.de\/?page_id=7"},"modified":"2009-09-15T22:15:42","modified_gmt":"2009-09-15T20:15:42","slug":"das-buch","status":"publish","type":"page","link":"http:\/\/www.josephvollmer.de\/?page_id=7","title":{"rendered":"Das Buch"},"content":{"rendered":"<p style=\"margin-bottom: 0cm;\"><strong>Umfangreiches Werk \u00fcber Joseph Vollmer<\/strong><\/p>\n<p style=\"margin-bottom: 0cm;\"><img data-attachment-id=\"8\" data-permalink=\"http:\/\/www.josephvollmer.de\/?attachment_id=8\" data-orig-file=\"http:\/\/www.josephvollmer.de\/wp-content\/uploads\/2009\/09\/Vollmer-Buchtitel-Deutsch.jpg\" data-orig-size=\"2477,2351\" data-comments-opened=\"1\" data-image-meta=\"{&quot;aperture&quot;:&quot;0&quot;,&quot;credit&quot;:&quot;&quot;,&quot;camera&quot;:&quot;&quot;,&quot;caption&quot;:&quot;&quot;,&quot;created_timestamp&quot;:&quot;0&quot;,&quot;copyright&quot;:&quot;&quot;,&quot;focal_length&quot;:&quot;0&quot;,&quot;iso&quot;:&quot;0&quot;,&quot;shutter_speed&quot;:&quot;0&quot;,&quot;title&quot;:&quot;&quot;}\" data-image-title=\"Vollmer Buchtitel Deutsch\" data-image-description=\"\" data-image-caption=\"\" data-medium-file=\"http:\/\/www.josephvollmer.de\/wp-content\/uploads\/2009\/09\/Vollmer-Buchtitel-Deutsch-300x284.jpg\" data-large-file=\"http:\/\/www.josephvollmer.de\/wp-content\/uploads\/2009\/09\/Vollmer-Buchtitel-Deutsch-1024x971.jpg\" decoding=\"async\" loading=\"lazy\" class=\"alignleft size-thumbnail wp-image-8\" title=\"Vollmer Buchtitel Deutsch\" src=\"http:\/\/www.josephvollmer.de\/wp-content\/uploads\/2009\/09\/Vollmer-Buchtitel-Deutsch-150x150.jpg\" alt=\"Vollmer Buchtitel Deutsch\" width=\"150\" height=\"150\" \/><\/p>\n<p style=\"margin-bottom: 0cm;\">Gisela Zincke, eine Enkelin von Joseph Vollmer, hat sich die Aufgabe gestellt, das Lebenswerk ihres genialen Gro\u00dfvaters besser bekannt zu machen. Z\u00e4hlt er doch, zu den zehn bedeutendsten Konstrukteuren der Automobil-Pionierzeit. Wenn Vollmer heute bisher nicht den ihm angemessenen Bekanntheitsgrad hat, dann in erster Linie, weil kein Fahrzeug seinen Namen tr\u00e4gt.<\/p>\n<p style=\"margin-bottom: 0cm;\">Nach vielen Aufs\u00e4tzen in Fachzeitschriften und Fachb\u00fcchern ver\u00f6ffentlichte Gisela Zincke 2001 als kr\u00f6nendes Ergebnis jahrelanger umfangreicher Recherchen die Biographie \u201eJoseph Vollmer \u2013 Konstrukteur und Pionier\u201c. Zwei Jahre sp\u00e4ter erschien sie mit dem Titel \u201eJoseph Vollmer \u2013 Designer and Pioneer\u201c auch in englischer Sprache.<\/p>\n<p style=\"margin-bottom: 0cm;\">Nach einer Beschreibung der Jugendjahre, der Lehrzeit und des Studiums ist seinem schicksalhaften Einstieg 1894 bei den Bergmanns Industriewerken ein weiteres Kapitel gewidmet. Schicksalhaft war das Zusammentreffen von Joseph Vollmer und Theodor Bergmann einerseits f\u00fcr Vollmer und andererseits f\u00fcr die Entwicklung des Automobilstandortes Gaggenau.<\/p>\n<p style=\"margin-bottom: 0cm; text-align: center;\"><img data-attachment-id=\"9\" data-permalink=\"http:\/\/www.josephvollmer.de\/?attachment_id=9\" data-orig-file=\"http:\/\/www.josephvollmer.de\/wp-content\/uploads\/2009\/09\/Vollmer-Zincke-Buchvorstellung.JPG\" data-orig-size=\"1501,990\" data-comments-opened=\"1\" data-image-meta=\"{&quot;aperture&quot;:&quot;2.8&quot;,&quot;credit&quot;:&quot;&quot;,&quot;camera&quot;:&quot;C2500L&quot;,&quot;caption&quot;:&quot;&quot;,&quot;created_timestamp&quot;:&quot;992079908&quot;,&quot;copyright&quot;:&quot;&quot;,&quot;focal_length&quot;:&quot;9.2&quot;,&quot;iso&quot;:&quot;200&quot;,&quot;shutter_speed&quot;:&quot;0.025&quot;,&quot;title&quot;:&quot;&quot;}\" data-image-title=\"Vollmer Zincke Buchvorstellung\" data-image-description=\"\" data-image-caption=\"\" data-medium-file=\"http:\/\/www.josephvollmer.de\/wp-content\/uploads\/2009\/09\/Vollmer-Zincke-Buchvorstellung-300x197.jpg\" data-large-file=\"http:\/\/www.josephvollmer.de\/wp-content\/uploads\/2009\/09\/Vollmer-Zincke-Buchvorstellung-1024x675.jpg\" decoding=\"async\" loading=\"lazy\" class=\"aligncenter size-large wp-image-9\" title=\"Vollmer Zincke Buchvorstellung\" src=\"http:\/\/www.josephvollmer.de\/wp-content\/uploads\/2009\/09\/Vollmer-Zincke-Buchvorstellung-1024x675.jpg\" alt=\"Vollmer Zincke Buchvorstellung\" width=\"717\" height=\"472\" srcset=\"http:\/\/www.josephvollmer.de\/wp-content\/uploads\/2009\/09\/Vollmer-Zincke-Buchvorstellung-1024x675.jpg 1024w, http:\/\/www.josephvollmer.de\/wp-content\/uploads\/2009\/09\/Vollmer-Zincke-Buchvorstellung-300x197.jpg 300w, http:\/\/www.josephvollmer.de\/wp-content\/uploads\/2009\/09\/Vollmer-Zincke-Buchvorstellung.JPG 1501w\" sizes=\"(max-width: 717px) 100vw, 717px\" \/><\/p>\n<p style=\"margin-bottom: 0cm;\"><em>Gisela Zincke \u00fcbergibt 2001 ihr Buch \u201eJoseph Vollmer \u2013 Konstrukteur und Pionier\u201c an den Oberb\u00fcrgermeister der Stadt Gaggenau, Michael Schulz, und an den Werkleiter und Leiter des Produktbereichs Getriebe des Mercedes-Benz Werkes Gaggenau, Peter Schreck.<\/em><\/p>\n<p style=\"margin-bottom: 0cm;\">\n<p style=\"margin-bottom: 0cm;\">Es folgen die Entwicklungsschritte in Berlin \u00fcber K\u00fchlstein, AEG-NAG und die Gr\u00fcndung seiner Konstruktionsgesellschaft. Alle Bahnbrechenden Erfindungen werden dabei genannt und meist auch mit Bildern vorgestellt. Einen ungef\u00e4hren Eindruck von der enormen Lebensleistung von Joseph Vollmer vermittelt abschlie\u00dfend auf 15 Seiten (!!!) das Verzeichnis seiner Konstruktionen, Patente und Patentnehmer im In- und Ausland.<\/p>\n<p style=\"margin-bottom: 0cm;\">Das Buch ist f\u00fcr 19,90 Euro \u00fcber <span style=\"color: #0000ff;\"><span style=\"text-decoration: underline;\"><a href=\"http:\/\/www.buchundbild.de\/\">www.buchundbild.de<\/a><\/span><\/span> in deutscher oder englischer Sprache erh\u00e4ltlich.<\/p>\n","protected":false},"excerpt":{"rendered":"<p>Umfangreiches Werk \u00fcber Joseph Vollmer Gisela Zincke, eine Enkelin von Joseph Vollmer, hat sich die Aufgabe gestellt, das Lebenswerk ihres genialen Gro\u00dfvaters besser bekannt zu machen. Z\u00e4hlt er doch, zu den zehn bedeutendsten Konstrukteuren der Automobil-Pionierzeit. Wenn Vollmer heute bisher nicht den ihm angemessenen Bekanntheitsgrad hat, dann in erster Linie, weil kein Fahrzeug seinen Namen &hellip; <a href=\"http:\/\/www.josephvollmer.de\/?page_id=7\" class=\"more-link\"><span class=\"screen-reader-text\">Das Buch<\/span> weiterlesen <span class=\"meta-nav\">&rarr;<\/span><\/a><\/p>\n","protected":false},"author":1,"featured_media":0,"parent":0,"menu_order":0,"comment_status":"open","ping_status":"open","template":"","meta":{"jetpack_post_was_ever_published":false},"jetpack_shortlink":"https:\/\/wp.me\/P74Ukh-7","_links":{"self":[{"href":"http:\/\/www.josephvollmer.de\/index.php?rest_route=\/wp\/v2\/pages\/7"}],"collection":[{"href":"http:\/\/www.josephvollmer.de\/index.php?rest_route=\/wp\/v2\/pages"}],"about":[{"href":"http:\/\/www.josephvollmer.de\/index.php?rest_route=\/wp\/v2\/types\/page"}],"author":[{"embeddable":true,"href":"http:\/\/www.josephvollmer.de\/index.php?rest_route=\/wp\/v2\/users\/1"}],"replies":[{"embeddable":true,"href":"http:\/\/www.josephvollmer.de\/index.php?rest_route=%2Fwp%2Fv2%2Fcomments&post=7"}],"version-history":[{"count":1,"href":"http:\/\/www.josephvollmer.de\/index.php?rest_route=\/wp\/v2\/pages\/7\/revisions"}],"predecessor-version":[{"id":10,"href":"http:\/\/www.josephvollmer.de\/index.php?rest_route=\/wp\/v2\/pages\/7\/revisions\/10"}],"wp:attachment":[{"href":"http:\/\/www.josephvollmer.de\/index.php?rest_route=%2Fwp%2Fv2%2Fmedia&parent=7"}],"curies":[{"name":"wp","href":"https:\/\/api.w.org\/{rel}","templated":true}]}}